{"id":3794,"date":"2024-05-24T14:55:50","date_gmt":"2024-05-24T17:55:50","guid":{"rendered":"https:\/\/www.lubercorretora.com.br\/site\/?page_id=3794"},"modified":"2024-07-12T11:49:30","modified_gmt":"2024-07-12T14:49:30","slug":"seguro-transporte-nacional","status":"publish","type":"page","link":"https:\/\/www.lubercorretora.com.br\/site\/seguros-pessoa-juridica\/seguro-transporte-nacional\/","title":{"rendered":"Seguro Transporte Nacional"},"content":{"rendered":"\t\t<div data-elementor-type=\"wp-page\" data-elementor-id=\"3794\" class=\"elementor elementor-3794\" data-elementor-settings=\"{&quot;ha_cmc_init_switcher&quot;:&quot;no&quot;}\" data-elementor-post-type=\"page\">\n\t\t\t\t<div class=\"elementor-element elementor-element-7d9e1ee e-con-full e-flex e-con e-parent\" data-id=\"7d9e1ee\" data-element_type=\"container\" data-e-type=\"container\" data-settings=\"{&quot;_ha_eqh_enable&quot;:false,&quot;ekit_has_onepagescroll_dot&quot;:&quot;yes&quot;}\">\n\t\t\t\t<div class=\"elementor-element elementor-element-df9f614 elementor-widget elementor-widget-template\" data-id=\"df9f614\" data-element_type=\"widget\" data-e-type=\"widget\" data-settings=\"{&quot;ekit_we_effect_on&quot;:&quot;none&quot;}\" data-widget_type=\"template.default\">\n\t\t\t\t<div class=\"elementor-widget-container\">\n\t\t\t\t\t\t\t<div class=\"elementor-template\">\n\t\t\t\t\t<div data-elementor-type=\"section\" data-elementor-id=\"4535\" class=\"elementor elementor-4535\" data-elementor-settings=\"{&quot;ha_cmc_init_switcher&quot;:&quot;no&quot;}\" data-elementor-post-type=\"elementor_library\">\n\t\t\t<div class=\"elementor-element elementor-element-017952c e-con-full e-flex e-con e-parent\" data-id=\"017952c\" data-element_type=\"container\" data-e-type=\"container\" data-settings=\"{&quot;_ha_eqh_enable&quot;:false,&quot;ekit_has_onepagescroll_dot&quot;:&quot;yes&quot;}\">\n\t\t<div class=\"elementor-element elementor-element-6b024f3 e-flex e-con-boxed e-con e-child\" data-id=\"6b024f3\" data-element_type=\"container\" data-e-type=\"container\" data-settings=\"{&quot;background_background&quot;:&quot;gradient&quot;,&quot;_ha_eqh_enable&quot;:false,&quot;ekit_has_onepagescroll_dot&quot;:&quot;yes&quot;}\">\n\t\t\t\t\t<div class=\"e-con-inner\">\n\t\t\t\t<div class=\"elementor-element elementor-element-d625b4e elementor-widget elementor-widget-heading\" data-id=\"d625b4e\" data-element_type=\"widget\" data-e-type=\"widget\" data-settings=\"{&quot;ekit_we_effect_on&quot;:&quot;none&quot;}\" data-widget_type=\"heading.default\">\n\t\t\t\t<div class=\"elementor-widget-container\">\n\t\t\t\t\t<h1 class=\"elementor-heading-title elementor-size-default\">Seguro Transporte Nacional<\/h1>\t\t\t\t<\/div>\n\t\t\t\t<\/div>\n\t\t\t\t\t<\/div>\n\t\t\t\t<\/div>\n\t\t\t\t<\/div>\n\t\t\t\t<\/div>\n\t\t\t\t<\/div>\n\t\t\t\t\t\t<\/div>\n\t\t\t\t<\/div>\n\t\t\t\t<\/div>\n\t\t<div class=\"elementor-element elementor-element-b2683ad e-flex e-con-boxed e-con e-parent\" data-id=\"b2683ad\" data-element_type=\"container\" data-e-type=\"container\" data-settings=\"{&quot;_ha_eqh_enable&quot;:false,&quot;ekit_has_onepagescroll_dot&quot;:&quot;yes&quot;}\">\n\t\t\t\t\t<div class=\"e-con-inner\">\n\t\t\t\t<div class=\"elementor-element elementor-element-a6d390b elementor-widget elementor-widget-image\" data-id=\"a6d390b\" data-element_type=\"widget\" data-e-type=\"widget\" data-settings=\"{&quot;ekit_we_effect_on&quot;:&quot;none&quot;}\" data-widget_type=\"image.default\">\n\t\t\t\t<div class=\"elementor-widget-container\">\n\t\t\t\t\t\t\t\t\t\t\t\t\t\t\t<img fetchpriority=\"high\" decoding=\"async\" width=\"1980\" height=\"750\" src=\"https:\/\/www.lubercorretora.com.br\/site\/wp-content\/uploads\/2024\/05\/Seguro-Transporte-Nacional.jpg\" class=\"attachment-full size-full wp-image-3796\" alt=\"\" srcset=\"https:\/\/www.lubercorretora.com.br\/site\/wp-content\/uploads\/2024\/05\/Seguro-Transporte-Nacional.jpg 1980w, https:\/\/www.lubercorretora.com.br\/site\/wp-content\/uploads\/2024\/05\/Seguro-Transporte-Nacional-300x114.jpg 300w, https:\/\/www.lubercorretora.com.br\/site\/wp-content\/uploads\/2024\/05\/Seguro-Transporte-Nacional-1024x388.jpg 1024w, https:\/\/www.lubercorretora.com.br\/site\/wp-content\/uploads\/2024\/05\/Seguro-Transporte-Nacional-768x291.jpg 768w, https:\/\/www.lubercorretora.com.br\/site\/wp-content\/uploads\/2024\/05\/Seguro-Transporte-Nacional-1536x582.jpg 1536w\" sizes=\"(max-width: 1980px) 100vw, 1980px\" \/>\t\t\t\t\t\t\t\t\t\t\t\t\t\t\t<\/div>\n\t\t\t\t<\/div>\n\t\t\t\t\t<\/div>\n\t\t\t\t<\/div>\n\t\t<div class=\"elementor-element elementor-element-13f4381 e-flex e-con-boxed e-con e-parent\" data-id=\"13f4381\" data-element_type=\"container\" data-e-type=\"container\" data-settings=\"{&quot;_ha_eqh_enable&quot;:false,&quot;ekit_has_onepagescroll_dot&quot;:&quot;yes&quot;}\">\n\t\t\t\t\t<div class=\"e-con-inner\">\n\t\t<div class=\"elementor-element elementor-element-bc33d0e e-con-full e-flex e-con e-child\" data-id=\"bc33d0e\" data-element_type=\"container\" data-e-type=\"container\" data-settings=\"{&quot;_ha_eqh_enable&quot;:false,&quot;ekit_has_onepagescroll_dot&quot;:&quot;yes&quot;}\">\n\t\t\t\t<div class=\"elementor-element elementor-element-064717f elementor-widget elementor-widget-heading\" data-id=\"064717f\" data-element_type=\"widget\" data-e-type=\"widget\" data-settings=\"{&quot;ekit_we_effect_on&quot;:&quot;none&quot;}\" data-widget_type=\"heading.default\">\n\t\t\t\t<div class=\"elementor-widget-container\">\n\t\t\t\t\t<h3 class=\"elementor-heading-title elementor-size-default\">Prote\u00e7\u00e3o completa para suas mercadorias em todo o Brasil<\/h3>\t\t\t\t<\/div>\n\t\t\t\t<\/div>\n\t\t\t\t<div class=\"elementor-element elementor-element-4a9023f elementor-widget elementor-widget-text-editor\" data-id=\"4a9023f\" data-element_type=\"widget\" data-e-type=\"widget\" data-settings=\"{&quot;ekit_we_effect_on&quot;:&quot;none&quot;}\" data-widget_type=\"text-editor.default\">\n\t\t\t\t<div class=\"elementor-widget-container\">\n\t\t\t\t\t\t\t\t\t<p data-ccp-border-bottom=\"0px none #e3e3e3\" data-ccp-padding-bottom=\"0px\" data-ccp-border-between=\"0px none #e3e3e3\" data-ccp-padding-between=\"0px\">Na Luber Corretora de Seguros, sabemos que o transporte de mercadorias dentro do territ\u00f3rio nacional \u00e9 uma parte crucial das opera\u00e7\u00f5es log\u00edsticas de muitas empresas. Para garantir que suas mercadorias cheguem ao destino final em seguran\u00e7a, oferecemos seguros de transporte nacional desenvolvidos para atender \u00e0s necessidades espec\u00edficas de cada cliente.<\/p>\t\t\t\t\t\t\t\t<\/div>\n\t\t\t\t<\/div>\n\t\t\t\t<div class=\"elementor-element elementor-element-27f7e7c elementor-widget elementor-widget-heading\" data-id=\"27f7e7c\" data-element_type=\"widget\" data-e-type=\"widget\" data-settings=\"{&quot;ekit_we_effect_on&quot;:&quot;none&quot;}\" data-widget_type=\"heading.default\">\n\t\t\t\t<div class=\"elementor-widget-container\">\n\t\t\t\t\t<h3 class=\"elementor-heading-title elementor-size-default\">O que \u00e9 o Seguro de Transporte Nacional?<\/h3>\t\t\t\t<\/div>\n\t\t\t\t<\/div>\n\t\t\t\t<div class=\"elementor-element elementor-element-9f131d7 elementor-widget elementor-widget-text-editor\" data-id=\"9f131d7\" data-element_type=\"widget\" data-e-type=\"widget\" data-settings=\"{&quot;ekit_we_effect_on&quot;:&quot;none&quot;}\" data-widget_type=\"text-editor.default\">\n\t\t\t\t<div class=\"elementor-widget-container\">\n\t\t\t\t\t\t\t\t\t<p data-ccp-border-bottom=\"0px none #e3e3e3\" data-ccp-padding-bottom=\"0px\" data-ccp-border-between=\"0px none #e3e3e3\" data-ccp-padding-between=\"0px\">O seguro de transporte nacional \u00e9 uma modalidade de seguro que cobre os riscos associados ao transporte de mercadorias dentro do Brasil. Ele protege suas mercadorias contra danos ou perdas que possam ocorrer durante o transporte rodovi\u00e1rio, ferrovi\u00e1rio, a\u00e9reo ou aquavi\u00e1rio, garantindo a seguran\u00e7a de suas opera\u00e7\u00f5es log\u00edsticas.<\/p>\t\t\t\t\t\t\t\t<\/div>\n\t\t\t\t<\/div>\n\t\t\t\t<div class=\"elementor-element elementor-element-98ea387 elementor-widget elementor-widget-heading\" data-id=\"98ea387\" data-element_type=\"widget\" data-e-type=\"widget\" data-settings=\"{&quot;ekit_we_effect_on&quot;:&quot;none&quot;}\" data-widget_type=\"heading.default\">\n\t\t\t\t<div class=\"elementor-widget-container\">\n\t\t\t\t\t<h3 class=\"elementor-heading-title elementor-size-default\">Nossas coberturas<\/h3>\t\t\t\t<\/div>\n\t\t\t\t<\/div>\n\t\t\t\t<div class=\"elementor-element elementor-element-d2adc3b elementor-widget elementor-widget-text-editor\" data-id=\"d2adc3b\" data-element_type=\"widget\" data-e-type=\"widget\" data-settings=\"{&quot;ekit_we_effect_on&quot;:&quot;none&quot;}\" data-widget_type=\"text-editor.default\">\n\t\t\t\t<div class=\"elementor-widget-container\">\n\t\t\t\t\t\t\t\t\t<p data-ccp-border-bottom=\"0px none #e3e3e3\" data-ccp-padding-bottom=\"0px\" data-ccp-border-between=\"0px none #e3e3e3\" data-ccp-padding-between=\"0px\">Oferecemos uma variedade de coberturas para atender \u00e0s necessidades espec\u00edficas de sua opera\u00e7\u00e3o:<\/p>\t\t\t\t\t\t\t\t<\/div>\n\t\t\t\t<\/div>\n\t\t\t\t<div class=\"elementor-element elementor-element-ccf04a5 elementor-widget elementor-widget-text-editor\" data-id=\"ccf04a5\" data-element_type=\"widget\" data-e-type=\"widget\" data-settings=\"{&quot;ekit_we_effect_on&quot;:&quot;none&quot;}\" data-widget_type=\"text-editor.default\">\n\t\t\t\t<div class=\"elementor-widget-container\">\n\t\t\t\t\t\t\t\t\t<ul><li><p><strong>Cobertura Ampla A<\/strong>: Protege contra todos os riscos de perda ou dano \u00e0s mercadorias, exceto aqueles especificamente exclu\u00eddos na ap\u00f3lice.<\/p><\/li><li><p><strong>Cobertura Restrita C<\/strong>: Cobre riscos espec\u00edficos, como acidentes, inc\u00eandio, roubo e avarias durante o transporte.<\/p><\/li><li><strong>Cobertura de Responsabilidade Civil<\/strong>: Protege contra danos causados a terceiros durante o transporte das mercadorias.<\/li><\/ul>\t\t\t\t\t\t\t\t<\/div>\n\t\t\t\t<\/div>\n\t\t\t\t<div class=\"elementor-element elementor-element-24f64c0 elementor-widget elementor-widget-heading\" data-id=\"24f64c0\" data-element_type=\"widget\" data-e-type=\"widget\" data-settings=\"{&quot;ekit_we_effect_on&quot;:&quot;none&quot;}\" data-widget_type=\"heading.default\">\n\t\t\t\t<div class=\"elementor-widget-container\">\n\t\t\t\t\t<h3 class=\"elementor-heading-title elementor-size-default\">Por que escolher a Luber?<\/h3>\t\t\t\t<\/div>\n\t\t\t\t<\/div>\n\t\t\t\t<div class=\"elementor-element elementor-element-ea36d79 elementor-widget__width-inherit ekit-equal-height-disable elementor-invisible elementor-widget elementor-widget-elementskit-icon-box\" data-id=\"ea36d79\" data-element_type=\"widget\" data-e-type=\"widget\" data-settings=\"{&quot;_animation&quot;:&quot;fadeInUp&quot;,&quot;ekit_we_effect_on&quot;:&quot;none&quot;}\" data-widget_type=\"elementskit-icon-box.default\">\n\t\t\t\t<div class=\"elementor-widget-container\">\n\t\t\t\t\t<div class=\"ekit-wid-con\" >        <!-- link opening -->\n                <!-- end link opening -->\n\n        <div class=\"elementskit-infobox text- text-left icon-lef-right-aligin elementor-animation- media  \">\n                    <div class=\"elementskit-box-header elementor-animation-\">\n                <div class=\"elementskit-info-box-icon  text-center\">\n                    \n                <\/div>\n          <\/div>\n                        <div class=\"box-body\">\n                            <h3 class=\"elementskit-info-box-title\">\n                    Atendimento personalizado                <\/h3>\n                        \t\t  \t<p>Nossa equipe de especialistas est\u00e1 sempre dispon\u00edvel para oferecer um atendimento diferenciado e personalizado, garantindo que cada ap\u00f3lice seja cuidadosamente estruturada para proporcionar a m\u00e1xima prote\u00e7\u00e3o e tranquilidade.<\/p>\n                                <\/div>\n        \n        \n                <\/div>\n        <\/div>\t\t\t\t<\/div>\n\t\t\t\t<\/div>\n\t\t\t\t<div class=\"elementor-element elementor-element-690d78f elementor-widget__width-inherit ekit-equal-height-disable elementor-invisible elementor-widget elementor-widget-elementskit-icon-box\" data-id=\"690d78f\" data-element_type=\"widget\" data-e-type=\"widget\" data-settings=\"{&quot;_animation&quot;:&quot;fadeInUp&quot;,&quot;ekit_we_effect_on&quot;:&quot;none&quot;}\" data-widget_type=\"elementskit-icon-box.default\">\n\t\t\t\t<div class=\"elementor-widget-container\">\n\t\t\t\t\t<div class=\"ekit-wid-con\" >        <!-- link opening -->\n                <!-- end link opening -->\n\n        <div class=\"elementskit-infobox text- text-left icon-lef-right-aligin elementor-animation- media  \">\n                    <div class=\"elementskit-box-header elementor-animation-\">\n                <div class=\"elementskit-info-box-icon  text-center\">\n                    \n                <\/div>\n          <\/div>\n                        <div class=\"box-body\">\n                            <h3 class=\"elementskit-info-box-title\">\n                    Disponibilidade e agilidade                <\/h3>\n                        \t\t  \t<p>Estamos prontos para atender suas demandas com agilidade e efici\u00eancia, garantindo que suas opera\u00e7\u00f5es n\u00e3o sofram atrasos.<\/p>\n                                <\/div>\n        \n        \n                <\/div>\n        <\/div>\t\t\t\t<\/div>\n\t\t\t\t<\/div>\n\t\t\t\t<div class=\"elementor-element elementor-element-aaa4dc8 elementor-widget__width-inherit ekit-equal-height-disable elementor-invisible elementor-widget elementor-widget-elementskit-icon-box\" data-id=\"aaa4dc8\" data-element_type=\"widget\" data-e-type=\"widget\" data-settings=\"{&quot;_animation&quot;:&quot;fadeInUp&quot;,&quot;ekit_we_effect_on&quot;:&quot;none&quot;}\" data-widget_type=\"elementskit-icon-box.default\">\n\t\t\t\t<div class=\"elementor-widget-container\">\n\t\t\t\t\t<div class=\"ekit-wid-con\" >        <!-- link opening -->\n                <!-- end link opening -->\n\n        <div class=\"elementskit-infobox text- text-left icon-lef-right-aligin elementor-animation- media  \">\n                    <div class=\"elementskit-box-header elementor-animation-\">\n                <div class=\"elementskit-info-box-icon  text-center\">\n                    \n                <\/div>\n          <\/div>\n                        <div class=\"box-body\">\n                            <h3 class=\"elementskit-info-box-title\">\n                    Pre\u00e7os competitivos                <\/h3>\n                        \t\t  \t<p>Oferecemos seguros sob medida com pre\u00e7os competitivos, permitindo que voc\u00ea transporte mais e, consequentemente, fature mais.<\/p>\n                                <\/div>\n        \n        \n                <\/div>\n        <\/div>\t\t\t\t<\/div>\n\t\t\t\t<\/div>\n\t\t\t\t<div class=\"elementor-element elementor-element-a1f0626 elementor-widget__width-inherit ekit-equal-height-disable elementor-invisible elementor-widget elementor-widget-elementskit-icon-box\" data-id=\"a1f0626\" data-element_type=\"widget\" data-e-type=\"widget\" data-settings=\"{&quot;_animation&quot;:&quot;fadeInUp&quot;,&quot;ekit_we_effect_on&quot;:&quot;none&quot;}\" data-widget_type=\"elementskit-icon-box.default\">\n\t\t\t\t<div class=\"elementor-widget-container\">\n\t\t\t\t\t<div class=\"ekit-wid-con\" >        <!-- link opening -->\n                <!-- end link opening -->\n\n        <div class=\"elementskit-infobox text- text-left icon-lef-right-aligin elementor-animation- media  \">\n                    <div class=\"elementskit-box-header elementor-animation-\">\n                <div class=\"elementskit-info-box-icon  text-center\">\n                    \n                <\/div>\n          <\/div>\n                        <div class=\"box-body\">\n                            <h3 class=\"elementskit-info-box-title\">\n                    Seguros sob medida                <\/h3>\n                        \t\t  \t<p>Cada ap\u00f3lice \u00e9 desenvolvida de acordo com as necessidades espec\u00edficas de nossos clientes, garantindo a prote\u00e7\u00e3o ideal para suas mercadorias.<\/p>\n                                <\/div>\n        \n        \n                <\/div>\n        <\/div>\t\t\t\t<\/div>\n\t\t\t\t<\/div>\n\t\t\t\t<div class=\"elementor-element elementor-element-a8242c8 elementor-widget elementor-widget-heading\" data-id=\"a8242c8\" data-element_type=\"widget\" data-e-type=\"widget\" data-settings=\"{&quot;ekit_we_effect_on&quot;:&quot;none&quot;}\" data-widget_type=\"heading.default\">\n\t\t\t\t<div class=\"elementor-widget-container\">\n\t\t\t\t\t<h3 class=\"elementor-heading-title elementor-size-default\">Benef\u00edcios de nossos Seguros de Transporte Nacional<\/h3>\t\t\t\t<\/div>\n\t\t\t\t<\/div>\n\t\t\t\t<div class=\"elementor-element elementor-element-4bd548e elementor-widget elementor-widget-text-editor\" data-id=\"4bd548e\" data-element_type=\"widget\" data-e-type=\"widget\" data-settings=\"{&quot;ekit_we_effect_on&quot;:&quot;none&quot;}\" data-widget_type=\"text-editor.default\">\n\t\t\t\t<div class=\"elementor-widget-container\">\n\t\t\t\t\t\t\t\t\t<ul><li><p><strong>Prote\u00e7\u00e3o Completa<\/strong>: Coberturas abrangentes que incluem danos f\u00edsicos, roubo, furto e avarias durante o transporte.<\/p><\/li><li><p><strong>Flexibilidade<\/strong>: Ap\u00f3lices moduladas conforme suas necessidades espec\u00edficas.<\/p><\/li><li><p><strong>Tranquilidade<\/strong>: Garantia de que suas mercadorias estar\u00e3o protegidas contra os principais riscos do transporte nacional.<\/p><\/li><\/ul>\t\t\t\t\t\t\t\t<\/div>\n\t\t\t\t<\/div>\n\t\t\t\t<\/div>\n\t\t<div class=\"elementor-element elementor-element-5bcb896 e-con-full e-flex e-con e-child\" data-id=\"5bcb896\" data-element_type=\"container\" data-e-type=\"container\" data-settings=\"{&quot;background_background&quot;:&quot;classic&quot;,&quot;_ha_eqh_enable&quot;:false,&quot;ekit_has_onepagescroll_dot&quot;:&quot;yes&quot;}\">\n\t\t\t\t<div class=\"elementor-element elementor-element-d5c91e4 elementor-widget elementor-widget-template\" data-id=\"d5c91e4\" data-element_type=\"widget\" data-e-type=\"widget\" data-settings=\"{&quot;ekit_we_effect_on&quot;:&quot;none&quot;}\" data-widget_type=\"template.default\">\n\t\t\t\t<div class=\"elementor-widget-container\">\n\t\t\t\t\t\t\t<div class=\"elementor-template\">\n\t\t\t\t\t<div data-elementor-type=\"container\" data-elementor-id=\"3769\" class=\"elementor elementor-3769\" data-elementor-settings=\"{&quot;ha_cmc_init_switcher&quot;:&quot;no&quot;}\" data-elementor-post-type=\"elementor_library\">\n\t\t\t\t<div class=\"elementor-element elementor-element-3947ac39 e-flex e-con-boxed e-con e-child\" data-id=\"3947ac39\" data-element_type=\"container\" data-e-type=\"container\" data-settings=\"{&quot;_ha_eqh_enable&quot;:false,&quot;ekit_has_onepagescroll_dot&quot;:&quot;yes&quot;}\">\n\t\t\t\t\t<div class=\"e-con-inner\">\n\t\t\t\t<div class=\"elementor-element elementor-element-3d9b6bbb elementor-widget elementor-widget-heading\" data-id=\"3d9b6bbb\" data-element_type=\"widget\" data-e-type=\"widget\" data-settings=\"{&quot;ekit_we_effect_on&quot;:&quot;none&quot;}\" data-widget_type=\"heading.default\">\n\t\t\t\t<div class=\"elementor-widget-container\">\n\t\t\t\t\t<h3 class=\"elementor-heading-title elementor-size-default\">Cota\u00e7\u00e3o<\/h3>\t\t\t\t<\/div>\n\t\t\t\t<\/div>\n\t\t\t\t<div class=\"elementor-element elementor-element-21ba8928 fluent-form-widget-step-header-yes fluent-form-widget-step-progressbar-yes fluentform-widget-submit-button-custom elementor-widget elementor-widget-fluent-form-widget\" data-id=\"21ba8928\" data-element_type=\"widget\" data-e-type=\"widget\" data-settings=\"{&quot;ekit_we_effect_on&quot;:&quot;none&quot;}\" data-widget_type=\"fluent-form-widget.default\">\n\t\t\t\t<div class=\"elementor-widget-container\">\n\t\t\t\t\t\n            <div class=\"fluentform-widget-wrapper fluentform-widget-align-default\">\n\n            \n            <div class='fluentform ff-default fluentform_wrapper_3 ffs_default_wrap'><form data-form_id=\"3\" id=\"fluentform_3\" class=\"frm-fluent-form fluent_form_3 ff-el-form-top ff_form_instance_3_1 ff-form-loading ffs_default\" data-form_instance=\"ff_form_instance_3_1\" method=\"POST\" ><fieldset  style=\"border: none!important;margin: 0!important;padding: 0!important;background-color: transparent!important;box-shadow: none!important;outline: none!important; min-inline-size: 100%;\">\n                    <legend class=\"ff_screen_reader_title\" style=\"display: block; margin: 0!important;padding: 0!important;height: 0!important;text-indent: -999999px;width: 0!important;overflow:hidden;\">03 - Cota\u00e7\u00e3o<\/legend><input type='hidden' name='__fluent_form_embded_post_id' value='3794' \/><input type=\"hidden\" id=\"_fluentform_3_fluentformnonce\" name=\"_fluentform_3_fluentformnonce\" value=\"55025f6fea\" \/><input type=\"hidden\" name=\"_wp_http_referer\" value=\"\/site\/wp-json\/wp\/v2\/pages\/3794\" \/><input type=\"hidden\" name=\"produto\" value=\"Seguro Transporte Nacional\" data-name=\"produto\" ><input type=\"hidden\" name=\"seguro_imagem\" data-name=\"seguro_imagem\" ><div class=\"ff-el-group\" data-name=\"shortcode-3_1\" ><input type=\"hidden\" name=\"seguro_imagem\" data-name=\"seguro_imagem\" value=https:\/\/www.lubercorretora.com.br\/site\/wp-content\/uploads\/2024\/05\/Seguro-Transporte-Nacional.jpg \/><\/div><div class='ff-el-group'><div class='ff-el-input--content'><input type=\"text\" name=\"input_text\" class=\"ff-el-form-control\" placeholder=\"Nome\" data-name=\"input_text\" id=\"ff_3_input_text\"  aria-invalid=\"false\" aria-required=true><\/div><\/div><div class='ff-el-group'><div class='ff-el-input--content'><input type=\"text\" name=\"input_mask\" data-mask=\"(99) 9 9999-9999\" class=\"ff-el-form-control\" placeholder=\"WhatsApp\" data-name=\"input_mask\" id=\"ff_3_input_mask\"  aria-invalid=\"false\" aria-required=false><\/div><\/div><div class='ff-el-group'><div class='ff-el-input--content'><input type=\"email\" name=\"email\" id=\"ff_3_email\" class=\"ff-el-form-control\" placeholder=\"E-mail\" data-name=\"email\"  aria-invalid=\"false\" aria-required=true><\/div><\/div><div class='ff-el-group'><div class='ff-el-input--content'><textarea aria-required=\"true\" aria-labelledby=\"label_ff_3_message\" name=\"message\" id=\"ff_3_message\" class=\"ff-el-form-control\" placeholder=\"Sua mensagem\" rows=\"4\" cols=\"2\" data-name=\"message\" ><\/textarea><\/div><\/div><div class='ff-el-group ' ><div class='ff-el-input--content'><div data-fluent_id='3' name='g-recaptcha-response'><div\n\t\tdata-sitekey='6LcQIJIdAAAAADhyIRsGNaYaOXyu6OrjujWbFoiA'\n\t\tid='fluentform-recaptcha-3-1'\n\t\tclass='ff-el-recaptcha g-recaptcha'\n\t\tdata-callback='fluentFormrecaptchaSuccessCallback'><\/div><\/div><\/div><\/div><div class='ff-el-group ff-text-left ff_submit_btn_wrapper'><button type=\"submit\" class=\"ff-btn ff-btn-submit ff-btn-lg ff_btn_style\"  aria-label=\"Enviar\">Enviar<\/button><\/div><\/fieldset><\/form><div id='fluentform_3_errors' class='ff-errors-in-stack ff_form_instance_3_1 ff-form-loading_errors ff_form_instance_3_1_errors'><\/div><\/div>            <script type=\"text\/javascript\">\n                window.fluent_form_ff_form_instance_3_1 = {\"id\":\"3\",\"settings\":{\"layout\":{\"labelPlacement\":\"top\",\"helpMessagePlacement\":\"with_label\",\"errorMessagePlacement\":\"inline\",\"cssClassName\":\"\",\"asteriskPlacement\":\"asterisk-right\"},\"restrictions\":{\"denyEmptySubmission\":{\"enabled\":false}}},\"form_instance\":\"ff_form_instance_3_1\",\"form_id_selector\":\"fluentform_3\",\"rules\":{\"input_text\":{\"required\":{\"value\":true,\"message\":\"Preencha com seu nome\",\"global_message\":\"This field is required\",\"global\":false}},\"input_mask\":{\"required\":{\"value\":false,\"message\":\"Este campo \\u00e9 obrigat\\u00f3rio\",\"global_message\":\"This field is required\",\"global\":true}},\"email\":{\"required\":{\"value\":true,\"message\":\"Preencha com seu e-mail\",\"global\":false,\"global_message\":\"This field is required\"},\"email\":{\"value\":true,\"message\":\"Preencha com um e-mail v\\u00e1lido\",\"global\":false,\"global_message\":\"This field must contain a valid email\"}},\"message\":{\"required\":{\"value\":true,\"message\":\"Preencha com sua menasgem\",\"global\":false,\"global_message\":\"This field is required\"}},\"g-recaptcha-response\":[]},\"debounce_time\":300};\n                            <\/script>\n                        <\/div>\n\n            \t\t\t\t<\/div>\n\t\t\t\t<\/div>\n\t\t\t\t\t<\/div>\n\t\t\t\t<\/div>\n\t\t\t\t<\/div>\n\t\t\t\t<\/div>\n\t\t\t\t\t\t<\/div>\n\t\t\t\t<\/div>\n\t\t\t\t<\/div>\n\t\t\t\t\t<\/div>\n\t\t\t\t<\/div>\n\t\t\t\t<\/div>\n\t\t","protected":false},"excerpt":{"rendered":"<p>Prote\u00e7\u00e3o completa para suas mercadorias em todo o Brasil Na Luber Corretora de Seguros, sabemos que o transporte de mercadorias dentro do territ\u00f3rio nacional \u00e9 uma parte crucial das opera\u00e7\u00f5es log\u00edsticas de muitas empresas. Para garantir que suas mercadorias cheguem ao destino final em seguran\u00e7a, oferecemos seguros de transporte nacional desenvolvidos para atender \u00e0s necessidades [&hellip;]<\/p>\n","protected":false},"author":1,"featured_media":3796,"parent":3470,"menu_order":0,"comment_status":"closed","ping_status":"closed","template":"elementor_header_footer","meta":{"_acf_changed":false,"footnotes":""},"class_list":["post-3794","page","type-page","status-publish","has-post-thumbnail","hentry"],"acf":[],"_links":{"self":[{"href":"https:\/\/www.lubercorretora.com.br\/site\/wp-json\/wp\/v2\/pages\/3794","targetHints":{"allow":["GET"]}}],"collection":[{"href":"https:\/\/www.lubercorretora.com.br\/site\/wp-json\/wp\/v2\/pages"}],"about":[{"href":"https:\/\/www.lubercorretora.com.br\/site\/wp-json\/wp\/v2\/types\/page"}],"author":[{"embeddable":true,"href":"https:\/\/www.lubercorretora.com.br\/site\/wp-json\/wp\/v2\/users\/1"}],"replies":[{"embeddable":true,"href":"https:\/\/www.lubercorretora.com.br\/site\/wp-json\/wp\/v2\/comments?post=3794"}],"version-history":[{"count":3,"href":"https:\/\/www.lubercorretora.com.br\/site\/wp-json\/wp\/v2\/pages\/3794\/revisions"}],"predecessor-version":[{"id":6866,"href":"https:\/\/www.lubercorretora.com.br\/site\/wp-json\/wp\/v2\/pages\/3794\/revisions\/6866"}],"up":[{"embeddable":true,"href":"https:\/\/www.lubercorretora.com.br\/site\/wp-json\/wp\/v2\/pages\/3470"}],"wp:featuredmedia":[{"embeddable":true,"href":"https:\/\/www.lubercorretora.com.br\/site\/wp-json\/wp\/v2\/media\/3796"}],"wp:attachment":[{"href":"https:\/\/www.lubercorretora.com.br\/site\/wp-json\/wp\/v2\/media?parent=3794"}],"curies":[{"name":"wp","href":"https:\/\/api.w.org\/{rel}","templated":true}]}}