{"id":3540,"date":"2024-05-23T23:33:14","date_gmt":"2024-05-24T02:33:14","guid":{"rendered":"https:\/\/www.lubercorretora.com.br\/site\/?page_id=3540"},"modified":"2024-05-28T08:46:00","modified_gmt":"2024-05-28T11:46:00","slug":"vida","status":"publish","type":"page","link":"https:\/\/www.lubercorretora.com.br\/site\/seguros-pessoa-fisica\/vida\/","title":{"rendered":"Vida"},"content":{"rendered":"\t\t<div data-elementor-type=\"wp-page\" data-elementor-id=\"3540\" class=\"elementor elementor-3540\" data-elementor-settings=\"{&quot;ha_cmc_init_switcher&quot;:&quot;no&quot;}\" data-elementor-post-type=\"page\">\n\t\t\t\t<div class=\"elementor-element elementor-element-b8a4a34 e-con-full e-flex e-con e-parent\" data-id=\"b8a4a34\" data-element_type=\"container\" data-e-type=\"container\" data-settings=\"{&quot;_ha_eqh_enable&quot;:false,&quot;ekit_has_onepagescroll_dot&quot;:&quot;yes&quot;}\">\n\t\t\t\t<div class=\"elementor-element elementor-element-f9c098e elementor-widget elementor-widget-template\" data-id=\"f9c098e\" data-element_type=\"widget\" data-e-type=\"widget\" data-settings=\"{&quot;ekit_we_effect_on&quot;:&quot;none&quot;}\" data-widget_type=\"template.default\">\n\t\t\t\t<div class=\"elementor-widget-container\">\n\t\t\t\t\t\t\t<div class=\"elementor-template\">\n\t\t\t\t\t<div data-elementor-type=\"section\" data-elementor-id=\"4535\" class=\"elementor elementor-4535\" data-elementor-settings=\"{&quot;ha_cmc_init_switcher&quot;:&quot;no&quot;}\" data-elementor-post-type=\"elementor_library\">\n\t\t\t<div class=\"elementor-element elementor-element-017952c e-con-full e-flex e-con e-parent\" data-id=\"017952c\" data-element_type=\"container\" data-e-type=\"container\" data-settings=\"{&quot;_ha_eqh_enable&quot;:false,&quot;ekit_has_onepagescroll_dot&quot;:&quot;yes&quot;}\">\n\t\t<div class=\"elementor-element elementor-element-6b024f3 e-flex e-con-boxed e-con e-child\" data-id=\"6b024f3\" data-element_type=\"container\" data-e-type=\"container\" data-settings=\"{&quot;background_background&quot;:&quot;gradient&quot;,&quot;_ha_eqh_enable&quot;:false,&quot;ekit_has_onepagescroll_dot&quot;:&quot;yes&quot;}\">\n\t\t\t\t\t<div class=\"e-con-inner\">\n\t\t\t\t<div class=\"elementor-element elementor-element-d625b4e elementor-widget elementor-widget-heading\" data-id=\"d625b4e\" data-element_type=\"widget\" data-e-type=\"widget\" data-settings=\"{&quot;ekit_we_effect_on&quot;:&quot;none&quot;}\" data-widget_type=\"heading.default\">\n\t\t\t\t<div class=\"elementor-widget-container\">\n\t\t\t\t\t<h1 class=\"elementor-heading-title elementor-size-default\">Vida<\/h1>\t\t\t\t<\/div>\n\t\t\t\t<\/div>\n\t\t\t\t\t<\/div>\n\t\t\t\t<\/div>\n\t\t\t\t<\/div>\n\t\t\t\t<\/div>\n\t\t\t\t<\/div>\n\t\t\t\t\t\t<\/div>\n\t\t\t\t<\/div>\n\t\t\t\t<div class=\"elementor-element elementor-element-77ae2a6 elementor-widget elementor-widget-template\" data-id=\"77ae2a6\" data-element_type=\"widget\" data-e-type=\"widget\" data-settings=\"{&quot;ekit_we_effect_on&quot;:&quot;none&quot;}\" data-widget_type=\"template.default\">\n\t\t\t\t<div class=\"elementor-widget-container\">\n\t\t\t\t\t\t\t<div class=\"elementor-template\">\n\t\t\t\t\t<div data-elementor-type=\"section\" data-elementor-id=\"4543\" class=\"elementor elementor-4543\" data-elementor-settings=\"{&quot;ha_cmc_init_switcher&quot;:&quot;no&quot;}\" data-elementor-post-type=\"elementor_library\">\n\t\t\t<div class=\"elementor-element elementor-element-7bdb8e1 e-flex e-con-boxed e-con e-parent\" data-id=\"7bdb8e1\" data-element_type=\"container\" data-e-type=\"container\" data-settings=\"{&quot;_ha_eqh_enable&quot;:false,&quot;ekit_has_onepagescroll_dot&quot;:&quot;yes&quot;}\">\n\t\t\t\t\t<div class=\"e-con-inner\">\n\t\t\t\t<div class=\"elementor-element elementor-element-0dda037 elementor-widget elementor-widget-image\" data-id=\"0dda037\" data-element_type=\"widget\" data-e-type=\"widget\" data-settings=\"{&quot;ekit_we_effect_on&quot;:&quot;none&quot;}\" data-widget_type=\"image.default\">\n\t\t\t\t<div class=\"elementor-widget-container\">\n\t\t\t\t\t\t\t\t\t\t\t\t\t\t\t<img fetchpriority=\"high\" decoding=\"async\" width=\"1980\" height=\"750\" src=\"https:\/\/www.lubercorretora.com.br\/site\/wp-content\/uploads\/2024\/05\/Seguro-Vida-1.jpg\" class=\"attachment-full size-full wp-image-4594\" alt=\"\" srcset=\"https:\/\/www.lubercorretora.com.br\/site\/wp-content\/uploads\/2024\/05\/Seguro-Vida-1.jpg 1980w, https:\/\/www.lubercorretora.com.br\/site\/wp-content\/uploads\/2024\/05\/Seguro-Vida-1-300x114.jpg 300w, https:\/\/www.lubercorretora.com.br\/site\/wp-content\/uploads\/2024\/05\/Seguro-Vida-1-1024x388.jpg 1024w, https:\/\/www.lubercorretora.com.br\/site\/wp-content\/uploads\/2024\/05\/Seguro-Vida-1-768x291.jpg 768w, https:\/\/www.lubercorretora.com.br\/site\/wp-content\/uploads\/2024\/05\/Seguro-Vida-1-1536x582.jpg 1536w\" sizes=\"(max-width: 1980px) 100vw, 1980px\" \/>\t\t\t\t\t\t\t\t\t\t\t\t\t\t\t<\/div>\n\t\t\t\t<\/div>\n\t\t\t\t\t<\/div>\n\t\t\t\t<\/div>\n\t\t\t\t<\/div>\n\t\t\t\t<\/div>\n\t\t\t\t\t\t<\/div>\n\t\t\t\t<\/div>\n\t\t\t\t<\/div>\n\t\t<div class=\"elementor-element elementor-element-02814c9 e-flex e-con-boxed e-con e-parent\" data-id=\"02814c9\" data-element_type=\"container\" data-e-type=\"container\" data-settings=\"{&quot;_ha_eqh_enable&quot;:false,&quot;ekit_has_onepagescroll_dot&quot;:&quot;yes&quot;}\">\n\t\t\t\t\t<div class=\"e-con-inner\">\n\t\t<div class=\"elementor-element elementor-element-8f7f5e6 e-con-full e-flex e-con e-child\" data-id=\"8f7f5e6\" data-element_type=\"container\" data-e-type=\"container\" data-settings=\"{&quot;_ha_eqh_enable&quot;:false,&quot;ekit_has_onepagescroll_dot&quot;:&quot;yes&quot;}\">\n\t\t\t\t<div class=\"elementor-element elementor-element-3f91696 elementor-widget elementor-widget-heading\" data-id=\"3f91696\" data-element_type=\"widget\" data-e-type=\"widget\" data-settings=\"{&quot;ekit_we_effect_on&quot;:&quot;none&quot;}\" data-widget_type=\"heading.default\">\n\t\t\t\t<div class=\"elementor-widget-container\">\n\t\t\t\t\t<h3 class=\"elementor-heading-title elementor-size-default\">Seu papel na vida de quem voc\u00ea mais ama<\/h3>\t\t\t\t<\/div>\n\t\t\t\t<\/div>\n\t\t\t\t<div class=\"elementor-element elementor-element-e56512a elementor-widget elementor-widget-text-editor\" data-id=\"e56512a\" data-element_type=\"widget\" data-e-type=\"widget\" data-settings=\"{&quot;ekit_we_effect_on&quot;:&quot;none&quot;}\" data-widget_type=\"text-editor.default\">\n\t\t\t\t<div class=\"elementor-widget-container\">\n\t\t\t\t\t\t\t\t\t<p data-ccp-border-bottom=\"0px none #e3e3e3\" data-ccp-padding-bottom=\"0px\" data-ccp-border-between=\"0px none #e3e3e3\" data-ccp-padding-between=\"0px\">O que voc\u00ea est\u00e1 fazendo para proteger as pessoas que voc\u00ea mais ama? Qual a garantia que sua fam\u00edlia ter\u00e1 na sua aus\u00eancia?<\/p><p data-ccp-border-bottom=\"0px none #e3e3e3\" data-ccp-padding-bottom=\"0px\" data-ccp-border-between=\"0px none #e3e3e3\" data-ccp-padding-between=\"0px\">Manter-se protegido nunca foi t\u00e3o f\u00e1cil! O seguro de Vida Individual conta com coberturas b\u00e1sicas e adicionais de acordo com sua necessidade e de sua fam\u00edlia e pode ser contratado por pessoas em boas condi\u00e7\u00f5es de sa\u00fade entre 16 e 64 anos. O capital varia de 20 mil at\u00e9 2 milh\u00f5es de reais.<\/p><p data-ccp-border-bottom=\"0px none #e3e3e3\" data-ccp-padding-bottom=\"0px\" data-ccp-border-between=\"0px none #e3e3e3\" data-ccp-padding-between=\"0px\">Um dos diferenciais do seguro est\u00e1 na Cobertura DIT (Di\u00e1ria por Incapacidade Tempor\u00e1ria), que possibilita o pagamento de at\u00e9 365 di\u00e1rias compat\u00edveis com sua renda caso fique afastado de sua atividade profissional. Clique aqui e conhe\u00e7a toda a prote\u00e7\u00e3o que o seguro Vida Individual oferece e garanta a tranquilidade da sua fam\u00edlia.<\/p>\t\t\t\t\t\t\t\t<\/div>\n\t\t\t\t<\/div>\n\t\t\t\t<div class=\"elementor-element elementor-element-6f2b176 elementor-widget elementor-widget-heading\" data-id=\"6f2b176\" data-element_type=\"widget\" data-e-type=\"widget\" data-settings=\"{&quot;ekit_we_effect_on&quot;:&quot;none&quot;}\" data-widget_type=\"heading.default\">\n\t\t\t\t<div class=\"elementor-widget-container\">\n\t\t\t\t\t<h3 class=\"elementor-heading-title elementor-size-default\">Coberturas<\/h3>\t\t\t\t<\/div>\n\t\t\t\t<\/div>\n\t\t\t\t<div class=\"elementor-element elementor-element-178de13 elementor-widget elementor-widget-text-editor\" data-id=\"178de13\" data-element_type=\"widget\" data-e-type=\"widget\" data-settings=\"{&quot;ekit_we_effect_on&quot;:&quot;none&quot;}\" data-widget_type=\"text-editor.default\">\n\t\t\t\t<div class=\"elementor-widget-container\">\n\t\t\t\t\t\t\t\t\t<h3><span style=\"font-size: 16px;\">MORTE ACIDENTAL OU NATURAL<\/span><\/h3><div><p>Essa \u00e9 a cobertura b\u00e1sica, com ela, os benefici\u00e1rios da ap\u00f3lice recebem o valor contratado no caso de morte do segurado.<\/p><\/div>\t\t\t\t\t\t\t\t<\/div>\n\t\t\t\t<\/div>\n\t\t\t\t<div class=\"elementor-element elementor-element-afd697a elementor-widget elementor-widget-text-editor\" data-id=\"afd697a\" data-element_type=\"widget\" data-e-type=\"widget\" data-settings=\"{&quot;ekit_we_effect_on&quot;:&quot;none&quot;}\" data-widget_type=\"text-editor.default\">\n\t\t\t\t<div class=\"elementor-widget-container\">\n\t\t\t\t\t\t\t\t\t<h3><span style=\"font-size: 16px;\">INVALIDEZ PERMANENTE TOTAL OU PARCIAL POR ACIDENTE<\/span><\/h3><div><p>Esta cobertura garante indeniza\u00e7\u00e3o ao segurado que sofrer perda ou redu\u00e7\u00e3o funcional definitiva de algum membro ou \u00f3rg\u00e3o de maneira total ou parcial.<\/p><\/div>\t\t\t\t\t\t\t\t<\/div>\n\t\t\t\t<\/div>\n\t\t\t\t<div class=\"elementor-element elementor-element-dc1960c elementor-widget elementor-widget-text-editor\" data-id=\"dc1960c\" data-element_type=\"widget\" data-e-type=\"widget\" data-settings=\"{&quot;ekit_we_effect_on&quot;:&quot;none&quot;}\" data-widget_type=\"text-editor.default\">\n\t\t\t\t<div class=\"elementor-widget-container\">\n\t\t\t\t\t\t\t\t\t<h3><span style=\"font-size: 16px;\">COBERTURA DE DESPESAS M\u00c9DICAS<\/span><\/h3><div><p>Essa prote\u00e7\u00e3o garante reembolso de despesas m\u00e9dico-hospitalares e odontol\u00f3gicas causadas por acidentes cobertos pela ap\u00f3lice.<\/p><\/div>\t\t\t\t\t\t\t\t<\/div>\n\t\t\t\t<\/div>\n\t\t\t\t<div class=\"elementor-element elementor-element-0d4e98f elementor-widget elementor-widget-text-editor\" data-id=\"0d4e98f\" data-element_type=\"widget\" data-e-type=\"widget\" data-settings=\"{&quot;ekit_we_effect_on&quot;:&quot;none&quot;}\" data-widget_type=\"text-editor.default\">\n\t\t\t\t<div class=\"elementor-widget-container\">\n\t\t\t\t\t\t\t\t\t<h3><span style=\"font-size: 16px;\">ASSIST\u00caNCIA FUNERAL INDIVIDUAL OU FAMILIAR<\/span><\/h3><div><p>Ao contratar essa cobertura, o segurado pode receber um aux\u00edlio no pagamento do funeral, sendo de seu c\u00f4njuge ou filhos menores de 18 anos ou de seu pr\u00f3prio.<\/p><\/div>\t\t\t\t\t\t\t\t<\/div>\n\t\t\t\t<\/div>\n\t\t\t\t<div class=\"elementor-element elementor-element-4da1b44 elementor-widget elementor-widget-text-editor\" data-id=\"4da1b44\" data-element_type=\"widget\" data-e-type=\"widget\" data-settings=\"{&quot;ekit_we_effect_on&quot;:&quot;none&quot;}\" data-widget_type=\"text-editor.default\">\n\t\t\t\t<div class=\"elementor-widget-container\">\n\t\t\t\t\t\t\t\t\t<h3><span style=\"font-size: 16px;\">DOEN\u00c7AS GRAVES<\/span><\/h3><div><p>O segurado recebe indeniza\u00e7\u00e3o em caso de doen\u00e7as graves e pode usar o valor para o tratamento. Ela pode ser usada em doen\u00e7as como c\u00e2ncer, cirurgia nas art\u00e9rias coronarianas, acidente vascular encef\u00e1lico e outras.<\/p><\/div>\t\t\t\t\t\t\t\t<\/div>\n\t\t\t\t<\/div>\n\t\t\t\t<div class=\"elementor-element elementor-element-b4033c1 elementor-widget elementor-widget-text-editor\" data-id=\"b4033c1\" data-element_type=\"widget\" data-e-type=\"widget\" data-settings=\"{&quot;ekit_we_effect_on&quot;:&quot;none&quot;}\" data-widget_type=\"text-editor.default\">\n\t\t\t\t<div class=\"elementor-widget-container\">\n\t\t\t\t\t\t\t\t\t<h3><span style=\"font-size: 16px;\">DI\u00c1RIA POR INCAPACIDADE TEMPOR\u00c1RIA<\/span><\/h3><div><p>Se essas pessoas liberais ou aut\u00f4nomos se afastarem do trabalho por causa de imprevistos, elas n\u00e3o recebem sal\u00e1rio. Com essa cobertura, existe uma indeniza\u00e7\u00e3o de suas di\u00e1rias no caso de precisar se afastar do trabalho causado por acidentes cobertos.<\/p><\/div>\t\t\t\t\t\t\t\t<\/div>\n\t\t\t\t<\/div>\n\t\t\t\t<\/div>\n\t\t<div class=\"elementor-element elementor-element-b924341 e-con-full e-flex e-con e-child\" data-id=\"b924341\" data-element_type=\"container\" data-e-type=\"container\" data-settings=\"{&quot;background_background&quot;:&quot;classic&quot;,&quot;_ha_eqh_enable&quot;:false,&quot;ekit_has_onepagescroll_dot&quot;:&quot;yes&quot;}\">\n\t\t\t\t<div class=\"elementor-element elementor-element-d1cac7a elementor-widget elementor-widget-template\" data-id=\"d1cac7a\" data-element_type=\"widget\" data-e-type=\"widget\" data-settings=\"{&quot;ekit_we_effect_on&quot;:&quot;none&quot;}\" data-widget_type=\"template.default\">\n\t\t\t\t<div class=\"elementor-widget-container\">\n\t\t\t\t\t\t\t<div class=\"elementor-template\">\n\t\t\t\t\t<div data-elementor-type=\"container\" data-elementor-id=\"3769\" class=\"elementor elementor-3769\" data-elementor-settings=\"{&quot;ha_cmc_init_switcher&quot;:&quot;no&quot;}\" data-elementor-post-type=\"elementor_library\">\n\t\t\t\t<div class=\"elementor-element elementor-element-3947ac39 e-flex e-con-boxed e-con e-child\" data-id=\"3947ac39\" data-element_type=\"container\" data-e-type=\"container\" data-settings=\"{&quot;_ha_eqh_enable&quot;:false,&quot;ekit_has_onepagescroll_dot&quot;:&quot;yes&quot;}\">\n\t\t\t\t\t<div class=\"e-con-inner\">\n\t\t\t\t<div class=\"elementor-element elementor-element-3d9b6bbb elementor-widget elementor-widget-heading\" data-id=\"3d9b6bbb\" data-element_type=\"widget\" data-e-type=\"widget\" data-settings=\"{&quot;ekit_we_effect_on&quot;:&quot;none&quot;}\" data-widget_type=\"heading.default\">\n\t\t\t\t<div class=\"elementor-widget-container\">\n\t\t\t\t\t<h3 class=\"elementor-heading-title elementor-size-default\">Cota\u00e7\u00e3o<\/h3>\t\t\t\t<\/div>\n\t\t\t\t<\/div>\n\t\t\t\t<div class=\"elementor-element elementor-element-21ba8928 fluent-form-widget-step-header-yes fluent-form-widget-step-progressbar-yes fluentform-widget-submit-button-custom elementor-widget elementor-widget-fluent-form-widget\" data-id=\"21ba8928\" data-element_type=\"widget\" data-e-type=\"widget\" data-settings=\"{&quot;ekit_we_effect_on&quot;:&quot;none&quot;}\" data-widget_type=\"fluent-form-widget.default\">\n\t\t\t\t<div class=\"elementor-widget-container\">\n\t\t\t\t\t\n            <div class=\"fluentform-widget-wrapper fluentform-widget-align-default\">\n\n            \n            <div class='fluentform ff-default fluentform_wrapper_3 ffs_default_wrap'><form data-form_id=\"3\" id=\"fluentform_3\" class=\"frm-fluent-form fluent_form_3 ff-el-form-top ff_form_instance_3_1 ff-form-loading ffs_default\" data-form_instance=\"ff_form_instance_3_1\" method=\"POST\" ><fieldset  style=\"border: none!important;margin: 0!important;padding: 0!important;background-color: transparent!important;box-shadow: none!important;outline: none!important; min-inline-size: 100%;\">\n                    <legend class=\"ff_screen_reader_title\" style=\"display: block; margin: 0!important;padding: 0!important;height: 0!important;text-indent: -999999px;width: 0!important;overflow:hidden;\">03 - Cota\u00e7\u00e3o<\/legend><input type='hidden' name='__fluent_form_embded_post_id' value='3540' \/><input type=\"hidden\" id=\"_fluentform_3_fluentformnonce\" name=\"_fluentform_3_fluentformnonce\" value=\"55025f6fea\" \/><input type=\"hidden\" name=\"_wp_http_referer\" value=\"\/site\/wp-json\/wp\/v2\/pages\/3540\" \/><input type=\"hidden\" name=\"produto\" value=\"Vida\" data-name=\"produto\" ><input type=\"hidden\" name=\"seguro_imagem\" data-name=\"seguro_imagem\" ><div class=\"ff-el-group\" data-name=\"shortcode-3_1\" ><input type=\"hidden\" name=\"seguro_imagem\" data-name=\"seguro_imagem\" value=https:\/\/www.lubercorretora.com.br\/site\/wp-content\/uploads\/2024\/05\/Seguro-Vida-1.jpg \/><\/div><div class='ff-el-group'><div class='ff-el-input--content'><input type=\"text\" name=\"input_text\" class=\"ff-el-form-control\" placeholder=\"Nome\" data-name=\"input_text\" id=\"ff_3_input_text\"  aria-invalid=\"false\" aria-required=true><\/div><\/div><div class='ff-el-group'><div class='ff-el-input--content'><input type=\"text\" name=\"input_mask\" data-mask=\"(99) 9 9999-9999\" class=\"ff-el-form-control\" placeholder=\"WhatsApp\" data-name=\"input_mask\" id=\"ff_3_input_mask\"  aria-invalid=\"false\" aria-required=false><\/div><\/div><div class='ff-el-group'><div class='ff-el-input--content'><input type=\"email\" name=\"email\" id=\"ff_3_email\" class=\"ff-el-form-control\" placeholder=\"E-mail\" data-name=\"email\"  aria-invalid=\"false\" aria-required=true><\/div><\/div><div class='ff-el-group'><div class='ff-el-input--content'><textarea aria-required=\"true\" aria-labelledby=\"label_ff_3_message\" name=\"message\" id=\"ff_3_message\" class=\"ff-el-form-control\" placeholder=\"Sua mensagem\" rows=\"4\" cols=\"2\" data-name=\"message\" ><\/textarea><\/div><\/div><div class='ff-el-group ' ><div class='ff-el-input--content'><div data-fluent_id='3' name='g-recaptcha-response'><div\n\t\tdata-sitekey='6LcQIJIdAAAAADhyIRsGNaYaOXyu6OrjujWbFoiA'\n\t\tid='fluentform-recaptcha-3-1'\n\t\tclass='ff-el-recaptcha g-recaptcha'\n\t\tdata-callback='fluentFormrecaptchaSuccessCallback'><\/div><\/div><\/div><\/div><div class='ff-el-group ff-text-left ff_submit_btn_wrapper'><button type=\"submit\" class=\"ff-btn ff-btn-submit ff-btn-lg ff_btn_style\"  aria-label=\"Enviar\">Enviar<\/button><\/div><\/fieldset><\/form><div id='fluentform_3_errors' class='ff-errors-in-stack ff_form_instance_3_1 ff-form-loading_errors ff_form_instance_3_1_errors'><\/div><\/div>            <script type=\"text\/javascript\">\n                window.fluent_form_ff_form_instance_3_1 = {\"id\":\"3\",\"settings\":{\"layout\":{\"labelPlacement\":\"top\",\"helpMessagePlacement\":\"with_label\",\"errorMessagePlacement\":\"inline\",\"cssClassName\":\"\",\"asteriskPlacement\":\"asterisk-right\"},\"restrictions\":{\"denyEmptySubmission\":{\"enabled\":false}}},\"form_instance\":\"ff_form_instance_3_1\",\"form_id_selector\":\"fluentform_3\",\"rules\":{\"input_text\":{\"required\":{\"value\":true,\"message\":\"Preencha com seu nome\",\"global_message\":\"This field is required\",\"global\":false}},\"input_mask\":{\"required\":{\"value\":false,\"message\":\"Este campo \\u00e9 obrigat\\u00f3rio\",\"global_message\":\"This field is required\",\"global\":true}},\"email\":{\"required\":{\"value\":true,\"message\":\"Preencha com seu e-mail\",\"global\":false,\"global_message\":\"This field is required\"},\"email\":{\"value\":true,\"message\":\"Preencha com um e-mail v\\u00e1lido\",\"global\":false,\"global_message\":\"This field must contain a valid email\"}},\"message\":{\"required\":{\"value\":true,\"message\":\"Preencha com sua menasgem\",\"global\":false,\"global_message\":\"This field is required\"}},\"g-recaptcha-response\":[]},\"debounce_time\":300};\n                            <\/script>\n                        <\/div>\n\n            \t\t\t\t<\/div>\n\t\t\t\t<\/div>\n\t\t\t\t\t<\/div>\n\t\t\t\t<\/div>\n\t\t\t\t<\/div>\n\t\t\t\t<\/div>\n\t\t\t\t\t\t<\/div>\n\t\t\t\t<\/div>\n\t\t\t\t<\/div>\n\t\t\t\t\t<\/div>\n\t\t\t\t<\/div>\n\t\t\t\t<\/div>\n\t\t","protected":false},"excerpt":{"rendered":"<p>Seu papel na vida de quem voc\u00ea mais ama O que voc\u00ea est\u00e1 fazendo para proteger as pessoas que voc\u00ea mais ama? Qual a garantia que sua fam\u00edlia ter\u00e1 na sua aus\u00eancia? Manter-se protegido nunca foi t\u00e3o f\u00e1cil! O seguro de Vida Individual conta com coberturas b\u00e1sicas e adicionais de acordo com sua necessidade e [&hellip;]<\/p>\n","protected":false},"author":1,"featured_media":4594,"parent":3515,"menu_order":0,"comment_status":"closed","ping_status":"closed","template":"elementor_header_footer","meta":{"_acf_changed":false,"footnotes":""},"class_list":["post-3540","page","type-page","status-publish","has-post-thumbnail","hentry"],"acf":[],"_links":{"self":[{"href":"https:\/\/www.lubercorretora.com.br\/site\/wp-json\/wp\/v2\/pages\/3540","targetHints":{"allow":["GET"]}}],"collection":[{"href":"https:\/\/www.lubercorretora.com.br\/site\/wp-json\/wp\/v2\/pages"}],"about":[{"href":"https:\/\/www.lubercorretora.com.br\/site\/wp-json\/wp\/v2\/types\/page"}],"author":[{"embeddable":true,"href":"https:\/\/www.lubercorretora.com.br\/site\/wp-json\/wp\/v2\/users\/1"}],"replies":[{"embeddable":true,"href":"https:\/\/www.lubercorretora.com.br\/site\/wp-json\/wp\/v2\/comments?post=3540"}],"version-history":[{"count":0,"href":"https:\/\/www.lubercorretora.com.br\/site\/wp-json\/wp\/v2\/pages\/3540\/revisions"}],"up":[{"embeddable":true,"href":"https:\/\/www.lubercorretora.com.br\/site\/wp-json\/wp\/v2\/pages\/3515"}],"wp:featuredmedia":[{"embeddable":true,"href":"https:\/\/www.lubercorretora.com.br\/site\/wp-json\/wp\/v2\/media\/4594"}],"wp:attachment":[{"href":"https:\/\/www.lubercorretora.com.br\/site\/wp-json\/wp\/v2\/media?parent=3540"}],"curies":[{"name":"wp","href":"https:\/\/api.w.org\/{rel}","templated":true}]}}